{"id":211,"date":"2020-07-01T12:21:57","date_gmt":"2020-07-01T10:21:57","guid":{"rendered":"https:\/\/ehmann-ehmann.de\/startseite\/"},"modified":"2026-02-26T12:18:36","modified_gmt":"2026-02-26T11:18:36","slug":"startseite","status":"publish","type":"page","link":"https:\/\/ehmann-ehmann.de\/en\/","title":{"rendered":"Homepage"},"content":{"rendered":"","protected":false},"excerpt":{"rendered":"","protected":false},"author":1,"featured_media":0,"parent":0,"menu_order":0,"comment_status":"closed","ping_status":"closed","template":"views\/template-two-columns.blade.php","meta":{"footnotes":""},"class_list":["post-211","page","type-page","status-publish","hentry"],"acf":[],"yoast_head":"<!-- This site is optimized with the Yoast SEO plugin v25.2 - https:\/\/yoast.com\/wordpress\/plugins\/seo\/ -->\n<title>Ehmann &amp; Ehmann Rechtsanw\u00e4lte - M\u00fcnchen &amp; Kempten<\/title>\n<meta name=\"description\" content=\"Ehmann &amp; Ehmann Rechtsanw\u00e4lte sind eine partnerschaftlich gef\u00fchrte Kanzlei mit Standorten in M\u00fcnchen und Kempten.\" \/>\n<meta name=\"robots\" content=\"index, follow, max-snippet:-1, max-image-preview:large, max-video-preview:-1\" \/>\n<link rel=\"canonical\" href=\"https:\/\/ehmann-ehmann.de\/en\/\" \/>\n<meta property=\"og:locale\" content=\"en_US\" \/>\n<meta property=\"og:type\" content=\"article\" \/>\n<meta property=\"og:title\" content=\"Ehmann &amp; Ehmann Rechtsanw\u00e4lte - M\u00fcnchen &amp; Kempten\" \/>\n<meta property=\"og:description\" content=\"Ehmann &amp; Ehmann Rechtsanw\u00e4lte sind eine partnerschaftlich gef\u00fchrte Kanzlei mit Standorten in M\u00fcnchen und Kempten.\" \/>\n<meta property=\"og:url\" content=\"https:\/\/ehmann-ehmann.de\/en\/\" \/>\n<meta property=\"og:site_name\" content=\"Ehmann &amp; Ehmann Rechtsanw\u00e4lte\" \/>\n<meta property=\"article:modified_time\" content=\"2026-02-26T11:18:36+00:00\" \/>\n<meta name=\"twitter:card\" content=\"summary_large_image\" \/>\n<script type=\"application\/ld+json\" class=\"yoast-schema-graph\">{\"@context\":\"https:\/\/schema.org\",\"@graph\":[{\"@type\":\"WebPage\",\"@id\":\"https:\/\/ehmann-ehmann.de\/en\/\",\"url\":\"https:\/\/ehmann-ehmann.de\/en\/\",\"name\":\"Ehmann &amp; Ehmann Rechtsanw\u00e4lte - M\u00fcnchen & Kempten\",\"isPartOf\":{\"@id\":\"https:\/\/ehmann-ehmann.de\/#website\"},\"datePublished\":\"2020-07-01T10:21:57+00:00\",\"dateModified\":\"2026-02-26T11:18:36+00:00\",\"description\":\"Ehmann & Ehmann Rechtsanw\u00e4lte sind eine partnerschaftlich gef\u00fchrte Kanzlei mit Standorten in M\u00fcnchen und Kempten.\",\"breadcrumb\":{\"@id\":\"https:\/\/ehmann-ehmann.de\/en\/#breadcrumb\"},\"inLanguage\":\"en-US\",\"potentialAction\":[{\"@type\":\"ReadAction\",\"target\":[\"https:\/\/ehmann-ehmann.de\/en\/\"]}]},{\"@type\":\"BreadcrumbList\",\"@id\":\"https:\/\/ehmann-ehmann.de\/en\/#breadcrumb\",\"itemListElement\":[{\"@type\":\"ListItem\",\"position\":1,\"name\":\"Home\",\"item\":\"https:\/\/ehmann-ehmann.de\/en\/\"},{\"@type\":\"ListItem\",\"position\":2,\"name\":\"Homepage\"}]},{\"@type\":\"WebSite\",\"@id\":\"https:\/\/ehmann-ehmann.de\/#website\",\"url\":\"https:\/\/ehmann-ehmann.de\/\",\"name\":\"Ehmann &amp; Ehmann Rechtsanw\u00e4lte\",\"description\":\"M\u00fcnchen\u2009&amp;\u2009Kempten\",\"potentialAction\":[{\"@type\":\"SearchAction\",\"target\":{\"@type\":\"EntryPoint\",\"urlTemplate\":\"https:\/\/ehmann-ehmann.de\/?s={search_term_string}\"},\"query-input\":{\"@type\":\"PropertyValueSpecification\",\"valueRequired\":true,\"valueName\":\"search_term_string\"}}],\"inLanguage\":\"en-US\"}]}<\/script>\n<!-- \/ Yoast SEO plugin. -->","yoast_head_json":{"title":"Ehmann &amp; Ehmann Rechtsanw\u00e4lte - M\u00fcnchen & Kempten","description":"Ehmann & Ehmann Rechtsanw\u00e4lte sind eine partnerschaftlich gef\u00fchrte Kanzlei mit Standorten in M\u00fcnchen und Kempten.","robots":{"index":"index","follow":"follow","max-snippet":"max-snippet:-1","max-image-preview":"max-image-preview:large","max-video-preview":"max-video-preview:-1"},"canonical":"https:\/\/ehmann-ehmann.de\/en\/","og_locale":"en_US","og_type":"article","og_title":"Ehmann &amp; Ehmann Rechtsanw\u00e4lte - M\u00fcnchen & Kempten","og_description":"Ehmann & Ehmann Rechtsanw\u00e4lte sind eine partnerschaftlich gef\u00fchrte Kanzlei mit Standorten in M\u00fcnchen und Kempten.","og_url":"https:\/\/ehmann-ehmann.de\/en\/","og_site_name":"Ehmann &amp; Ehmann Rechtsanw\u00e4lte","article_modified_time":"2026-02-26T11:18:36+00:00","twitter_card":"summary_large_image","schema":{"@context":"https:\/\/schema.org","@graph":[{"@type":"WebPage","@id":"https:\/\/ehmann-ehmann.de\/en\/","url":"https:\/\/ehmann-ehmann.de\/en\/","name":"Ehmann &amp; Ehmann Rechtsanw\u00e4lte - M\u00fcnchen & Kempten","isPartOf":{"@id":"https:\/\/ehmann-ehmann.de\/#website"},"datePublished":"2020-07-01T10:21:57+00:00","dateModified":"2026-02-26T11:18:36+00:00","description":"Ehmann & Ehmann Rechtsanw\u00e4lte sind eine partnerschaftlich gef\u00fchrte Kanzlei mit Standorten in M\u00fcnchen und Kempten.","breadcrumb":{"@id":"https:\/\/ehmann-ehmann.de\/en\/#breadcrumb"},"inLanguage":"en-US","potentialAction":[{"@type":"ReadAction","target":["https:\/\/ehmann-ehmann.de\/en\/"]}]},{"@type":"BreadcrumbList","@id":"https:\/\/ehmann-ehmann.de\/en\/#breadcrumb","itemListElement":[{"@type":"ListItem","position":1,"name":"Home","item":"https:\/\/ehmann-ehmann.de\/en\/"},{"@type":"ListItem","position":2,"name":"Homepage"}]},{"@type":"WebSite","@id":"https:\/\/ehmann-ehmann.de\/#website","url":"https:\/\/ehmann-ehmann.de\/","name":"Ehmann &amp; Ehmann Rechtsanw\u00e4lte","description":"M\u00fcnchen\u2009&amp;\u2009Kempten","potentialAction":[{"@type":"SearchAction","target":{"@type":"EntryPoint","urlTemplate":"https:\/\/ehmann-ehmann.de\/?s={search_term_string}"},"query-input":{"@type":"PropertyValueSpecification","valueRequired":true,"valueName":"search_term_string"}}],"inLanguage":"en-US"}]}},"_links":{"self":[{"href":"https:\/\/ehmann-ehmann.de\/en\/wp-json\/wp\/v2\/pages\/211","targetHints":{"allow":["GET"]}}],"collection":[{"href":"https:\/\/ehmann-ehmann.de\/en\/wp-json\/wp\/v2\/pages"}],"about":[{"href":"https:\/\/ehmann-ehmann.de\/en\/wp-json\/wp\/v2\/types\/page"}],"author":[{"embeddable":true,"href":"https:\/\/ehmann-ehmann.de\/en\/wp-json\/wp\/v2\/users\/1"}],"replies":[{"embeddable":true,"href":"https:\/\/ehmann-ehmann.de\/en\/wp-json\/wp\/v2\/comments?post=211"}],"version-history":[{"count":13,"href":"https:\/\/ehmann-ehmann.de\/en\/wp-json\/wp\/v2\/pages\/211\/revisions"}],"predecessor-version":[{"id":448,"href":"https:\/\/ehmann-ehmann.de\/en\/wp-json\/wp\/v2\/pages\/211\/revisions\/448"}],"wp:attachment":[{"href":"https:\/\/ehmann-ehmann.de\/en\/wp-json\/wp\/v2\/media?parent=211"}],"curies":[{"name":"wp","href":"https:\/\/api.w.org\/{rel}","templated":true}]}}